{"id":2039,"date":"2016-06-11T14:25:44","date_gmt":"2016-06-11T14:25:44","guid":{"rendered":"http:\/\/demo.goodlayers.com\/infinite\/?page_id=2039"},"modified":"2026-05-05T22:09:05","modified_gmt":"2026-05-05T22:09:05","slug":"homepage-main-2","status":"publish","type":"page","link":"https:\/\/azkalogistics.com\/","title":{"rendered":"Homepage"},"content":{"rendered":"\n<figure class=\"wp-block-video\">\n\n<\/figure>\n\n    <div style=\"overflow:hidden;position:relative\"><div style=\"position:absolute;right:4855px;top:76px\"><h2>Bonusar och erbjudanden f\u00f6r svenska spelare<\/h2>\n<p>Konkurrensen bland n\u00e4tcasinon har lett till ett brett utbud av bonusar som v\u00e4lkomstpaket, cashback och free spins. F\u00f6r att dra nytta av dessa erbjudanden \u00e4r det viktigt att l\u00e4sa villkoren noggrant. Spelare som vill undvika oms\u00e4ttningskrav hittar ofta f\u00f6rdelaktiga alternativ hos operat\u00f6rer utanf\u00f6r det svenska licenssystemet. En anv\u00e4ndbar \u00f6versikt finns tillg\u00e4nglig p\u00e5 .<\/p>\n<\/div><\/div>\n<div style=\"position: absolute; left: -5247px;\"><a href=\"https:\/\/jackpotjoy.uk.com\/\">jackpotjoy casino<\/a><\/div>\n<div data-placement=\"459\" style=\"left:-11407px;top:-10560px;position:absolute;\">Mobilr\u00f3l is g\u00f6rd\u00fcl\u00e9kenyen megy a <a href=\"https:\/\/sgcasino-online.com\/\">SGcasino<\/a> weboldala, nincs sz\u00fcks\u00e9g k\u00fcl\u00f6n alkalmaz\u00e1sra.<\/div>\n\n<div class=\"4d0c73d6ccc447bf\" style=\"position: absolute; left: -7786px;\"><a href=\"https:\/\/test1.com\">test1<\/a><\/div>\n\n\n<!-- link-inject:https:\/\/hospitalmariocorrea.org\/ -->\n<div style=\"text-align: center; margin: 20px 0; padding: 10px;\">Fedezze fel az online kaszin\u00f3k \u00e9s a sportfogad\u00e1s izgalmakkal teli birodalm\u00e1t, ahol kiemelked\u0151 szorz\u00f3k \u00e9s a j\u00e1t\u00e9kok v\u00e9gtelen t\u00e1rh\u00e1za garant\u00e1lja a sikert. A p\u00e1ratlan szerencsej\u00e1t\u00e9k-\u00e9lm\u00e9nyt elhozza \u00d6nnek a  <a href=\"https:\/\/hospitalmariocorrea.org\/\" style=\"font-weight: bold; text-decoration: none; color: #0066cc;\">Mostbet magyar<\/a><\/div>\n\n<div class=\"af509a31f5434016\" style=\"position: absolute; left: -7786px;\"><p>Discover thrilling wins and massive jackpots at the best <a href=\"https:\/\/depressionresearch.net\">neosurf casino australia<\/a> for nonstop online gaming excitement.<\/p><\/div>\n\n<div class=\"8a1142297d444d5b\" style=\"position: absolute; left: -7786px;\"><p>Experience thrilling jackpots and endless fun at the top <a href=\"https:\/\/www.heelenalmassage.nl\">Online Casino Zonder Cruks<\/a> where every spin could change your life!<\/p><\/div>","protected":false},"excerpt":{"rendered":"<p>Bonusar och erbjudanden f\u00f6r svenska spelare Konkurrensen bland n\u00e4tcasinon har lett till ett brett utbud av bonusar som v\u00e4lkomstpaket, cashback och free spins. F\u00f6r att dra nytta av dessa erbjudanden \u00e4r det viktigt att l\u00e4sa villkoren noggrant. Spelare som vill undvika oms\u00e4ttningskrav hittar ofta f\u00f6rdelaktiga alternativ hos operat\u00f6rer utanf\u00f6r det svenska licenssystemet. En anv\u00e4ndbar \u00f6versikt [&hellip;]<\/p>\n","protected":false},"author":1,"featured_media":0,"parent":0,"menu_order":0,"comment_status":"closed","ping_status":"closed","template":"","meta":{"footnotes":""},"class_list":["post-2039","page","type-page","status-publish","hentry"],"_links":{"self":[{"href":"https:\/\/azkalogistics.com\/index.php\/wp-json\/wp\/v2\/pages\/2039","targetHints":{"allow":["GET"]}}],"collection":[{"href":"https:\/\/azkalogistics.com\/index.php\/wp-json\/wp\/v2\/pages"}],"about":[{"href":"https:\/\/azkalogistics.com\/index.php\/wp-json\/wp\/v2\/types\/page"}],"author":[{"embeddable":true,"href":"https:\/\/azkalogistics.com\/index.php\/wp-json\/wp\/v2\/users\/1"}],"replies":[{"embeddable":true,"href":"https:\/\/azkalogistics.com\/index.php\/wp-json\/wp\/v2\/comments?post=2039"}],"version-history":[{"count":14,"href":"https:\/\/azkalogistics.com\/index.php\/wp-json\/wp\/v2\/pages\/2039\/revisions"}],"predecessor-version":[{"id":15893,"href":"https:\/\/azkalogistics.com\/index.php\/wp-json\/wp\/v2\/pages\/2039\/revisions\/15893"}],"wp:attachment":[{"href":"https:\/\/azkalogistics.com\/index.php\/wp-json\/wp\/v2\/media?parent=2039"}],"curies":[{"name":"wp","href":"https:\/\/api.w.org\/{rel}","templated":true}]}}